{"id":9,"date":"2024-11-04T17:46:33","date_gmt":"2024-11-04T17:46:33","guid":{"rendered":"https:\/\/mybetasoft.com\/?page_id=9"},"modified":"2024-11-04T17:50:01","modified_gmt":"2024-11-04T17:50:01","slug":"ise-alindiniz","status":"publish","type":"page","link":"https:\/\/mybetasoft.com\/?page_id=9","title":{"rendered":"\u0130\u015f ba\u015fvurunuz kabul edildi"},"content":{"rendered":"\n<p>bu sadece bir deneme sayfas\u0131d\u0131r.<\/p>\n\n\n\n<p><\/p>\n","protected":false},"excerpt":{"rendered":"<p>bu sadece bir deneme sayfas\u0131d\u0131r.<\/p>\n","protected":false},"author":1,"featured_media":0,"parent":0,"menu_order":0,"comment_status":"closed","ping_status":"closed","template":"","meta":{"footnotes":""},"class_list":["post-9","page","type-page","status-publish"],"yoast_head":"<!-- This site is optimized with the Yoast SEO plugin v23.6 - https:\/\/yoast.com\/wordpress\/plugins\/seo\/ -->\n<title>\u0130\u015f ba\u015fvurunuz kabul edildi - MyBetaSoft<\/title>\n<meta name=\"robots\" content=\"index, follow, max-snippet:-1, max-image-preview:large, max-video-preview:-1\" \/>\n<link rel=\"canonical\" href=\"https:\/\/mybetasoft.com\/?page_id=9\" \/>\n<meta property=\"og:locale\" content=\"tr_TR\" \/>\n<meta property=\"og:type\" content=\"article\" \/>\n<meta property=\"og:title\" content=\"\u0130\u015f ba\u015fvurunuz kabul edildi - MyBetaSoft\" \/>\n<meta property=\"og:description\" content=\"bu sadece bir deneme sayfas\u0131d\u0131r.\" \/>\n<meta property=\"og:url\" content=\"https:\/\/mybetasoft.com\/?page_id=9\" \/>\n<meta property=\"og:site_name\" content=\"MyBetaSoft\" \/>\n<meta property=\"article:modified_time\" content=\"2024-11-04T17:50:01+00:00\" \/>\n<meta name=\"twitter:card\" content=\"summary_large_image\" \/>\n<meta name=\"twitter:label1\" content=\"Tahmini okuma s\u00fcresi\" \/>\n\t<meta name=\"twitter:data1\" content=\"1 dakika\" \/>\n<script type=\"application\/ld+json\" class=\"yoast-schema-graph\">{\"@context\":\"https:\/\/schema.org\",\"@graph\":[{\"@type\":\"WebPage\",\"@id\":\"https:\/\/mybetasoft.com\/?page_id=9\",\"url\":\"https:\/\/mybetasoft.com\/?page_id=9\",\"name\":\"\u0130\u015f ba\u015fvurunuz kabul edildi - MyBetaSoft\",\"isPartOf\":{\"@id\":\"https:\/\/mybetasoft.com\/#website\"},\"datePublished\":\"2024-11-04T17:46:33+00:00\",\"dateModified\":\"2024-11-04T17:50:01+00:00\",\"breadcrumb\":{\"@id\":\"https:\/\/mybetasoft.com\/?page_id=9#breadcrumb\"},\"inLanguage\":\"tr\",\"potentialAction\":[{\"@type\":\"ReadAction\",\"target\":[\"https:\/\/mybetasoft.com\/?page_id=9\"]}]},{\"@type\":\"BreadcrumbList\",\"@id\":\"https:\/\/mybetasoft.com\/?page_id=9#breadcrumb\",\"itemListElement\":[{\"@type\":\"ListItem\",\"position\":1,\"name\":\"Anasayfa\",\"item\":\"https:\/\/mybetasoft.com\/\"},{\"@type\":\"ListItem\",\"position\":2,\"name\":\"\u0130\u015f ba\u015fvurunuz kabul edildi\"}]},{\"@type\":\"WebSite\",\"@id\":\"https:\/\/mybetasoft.com\/#website\",\"url\":\"https:\/\/mybetasoft.com\/\",\"name\":\"MyBetaSoft\",\"description\":\"\",\"potentialAction\":[{\"@type\":\"SearchAction\",\"target\":{\"@type\":\"EntryPoint\",\"urlTemplate\":\"https:\/\/mybetasoft.com\/?s={search_term_string}\"},\"query-input\":{\"@type\":\"PropertyValueSpecification\",\"valueRequired\":true,\"valueName\":\"search_term_string\"}}],\"inLanguage\":\"tr\"}]}<\/script>\n<!-- \/ Yoast SEO plugin. -->","yoast_head_json":{"title":"\u0130\u015f ba\u015fvurunuz kabul edildi - MyBetaSoft","robots":{"index":"index","follow":"follow","max-snippet":"max-snippet:-1","max-image-preview":"max-image-preview:large","max-video-preview":"max-video-preview:-1"},"canonical":"https:\/\/mybetasoft.com\/?page_id=9","og_locale":"tr_TR","og_type":"article","og_title":"\u0130\u015f ba\u015fvurunuz kabul edildi - MyBetaSoft","og_description":"bu sadece bir deneme sayfas\u0131d\u0131r.","og_url":"https:\/\/mybetasoft.com\/?page_id=9","og_site_name":"MyBetaSoft","article_modified_time":"2024-11-04T17:50:01+00:00","twitter_card":"summary_large_image","twitter_misc":{"Tahmini okuma s\u00fcresi":"1 dakika"},"schema":{"@context":"https:\/\/schema.org","@graph":[{"@type":"WebPage","@id":"https:\/\/mybetasoft.com\/?page_id=9","url":"https:\/\/mybetasoft.com\/?page_id=9","name":"\u0130\u015f ba\u015fvurunuz kabul edildi - MyBetaSoft","isPartOf":{"@id":"https:\/\/mybetasoft.com\/#website"},"datePublished":"2024-11-04T17:46:33+00:00","dateModified":"2024-11-04T17:50:01+00:00","breadcrumb":{"@id":"https:\/\/mybetasoft.com\/?page_id=9#breadcrumb"},"inLanguage":"tr","potentialAction":[{"@type":"ReadAction","target":["https:\/\/mybetasoft.com\/?page_id=9"]}]},{"@type":"BreadcrumbList","@id":"https:\/\/mybetasoft.com\/?page_id=9#breadcrumb","itemListElement":[{"@type":"ListItem","position":1,"name":"Anasayfa","item":"https:\/\/mybetasoft.com\/"},{"@type":"ListItem","position":2,"name":"\u0130\u015f ba\u015fvurunuz kabul edildi"}]},{"@type":"WebSite","@id":"https:\/\/mybetasoft.com\/#website","url":"https:\/\/mybetasoft.com\/","name":"MyBetaSoft","description":"","potentialAction":[{"@type":"SearchAction","target":{"@type":"EntryPoint","urlTemplate":"https:\/\/mybetasoft.com\/?s={search_term_string}"},"query-input":{"@type":"PropertyValueSpecification","valueRequired":true,"valueName":"search_term_string"}}],"inLanguage":"tr"}]}},"_links":{"self":[{"href":"https:\/\/mybetasoft.com\/index.php?rest_route=\/wp\/v2\/pages\/9","targetHints":{"allow":["GET"]}}],"collection":[{"href":"https:\/\/mybetasoft.com\/index.php?rest_route=\/wp\/v2\/pages"}],"about":[{"href":"https:\/\/mybetasoft.com\/index.php?rest_route=\/wp\/v2\/types\/page"}],"author":[{"embeddable":true,"href":"https:\/\/mybetasoft.com\/index.php?rest_route=\/wp\/v2\/users\/1"}],"replies":[{"embeddable":true,"href":"https:\/\/mybetasoft.com\/index.php?rest_route=%2Fwp%2Fv2%2Fcomments&post=9"}],"version-history":[{"count":1,"href":"https:\/\/mybetasoft.com\/index.php?rest_route=\/wp\/v2\/pages\/9\/revisions"}],"predecessor-version":[{"id":10,"href":"https:\/\/mybetasoft.com\/index.php?rest_route=\/wp\/v2\/pages\/9\/revisions\/10"}],"wp:attachment":[{"href":"https:\/\/mybetasoft.com\/index.php?rest_route=%2Fwp%2Fv2%2Fmedia&parent=9"}],"curies":[{"name":"wp","href":"https:\/\/api.w.org\/{rel}","templated":true}]}}